{"id":25236,"date":"2024-03-17T04:08:09","date_gmt":"2024-03-17T01:08:09","guid":{"rendered":"https:\/\/rubysgroup.com\/?page_id=25236"},"modified":"2024-03-17T04:09:33","modified_gmt":"2024-03-17T01:09:33","slug":"emlak-yonetimi","status":"publish","type":"page","link":"https:\/\/rubysgroup.com\/index.php\/emlak-yonetimi\/","title":{"rendered":"Emlak Y\u00f6netimi"},"content":{"rendered":"\t\t<div data-elementor-type=\"wp-page\" data-elementor-id=\"25236\" class=\"elementor elementor-25236\" data-elementor-post-type=\"page\">\n\t\t\t\t<div class=\"elementor-element elementor-element-1299a68 e-flex e-con-boxed e-con e-parent\" data-id=\"1299a68\" data-element_type=\"container\" data-e-type=\"container\">\n\t\t\t\t\t<div class=\"e-con-inner\">\n\t\t\t\t<div class=\"elementor-element elementor-element-f144a1e elementor-widget elementor-widget-text-editor\" data-id=\"f144a1e\" data-element_type=\"widget\" data-e-type=\"widget\" data-widget_type=\"text-editor.default\">\n\t\t\t\t<div class=\"elementor-widget-container\">\n\t\t\t\t\t\t\t\t\t<p>Rubys Group Gayrimenkul, emlak y\u00f6netimi konusunda uzmanla\u015fm\u0131\u015f bir firmad\u0131r ve m\u00fc\u015fterilerine kapsaml\u0131 bir hizmet yelpazesi sunar. Bu hizmetler aras\u0131nda \u015funlar bulunur:<\/p><p><strong>(1) Kirac\u0131 \u0130li\u015fkileri Y\u00f6netimi:<\/strong> <br \/>Kirac\u0131larla ileti\u015fim kurma, kira tahsilat\u0131 ve kirac\u0131 taleplerini ele alma gibi s\u00fcre\u00e7leri y\u00f6netme.<\/p><p><strong>(2) M\u00fclk Bak\u0131m\u0131 ve \u0130yile\u015ftirme:<\/strong> <br \/>M\u00fclklerin d\u00fczenli bak\u0131m\u0131n\u0131 sa\u011flama ve gerekli iyile\u015ftirmeleri yapma.<\/p><p><strong>(3)<\/strong> <strong>Kira S\u00f6zle\u015fmeleri Y\u00f6netimi:<\/strong> <br \/>Kira s\u00f6zle\u015fmelerinin haz\u0131rlanmas\u0131, g\u00fcncellenmesi ve uygulanmas\u0131 konusunda dan\u0131\u015fmanl\u0131k sa\u011flama.<\/p><p><strong>(4 )Finansal Y\u00f6netim:<\/strong> <br \/>Kira tahsilat\u0131, gider y\u00f6netimi, vergi \u00f6demeleri ve finansal raporlama gibi konularda profesyonel destek sa\u011flama.<\/p><p><strong>(5) Yasal ve Y\u00f6netmelik Uyumuna \u0130li\u015fkin Dan\u0131\u015fmanl\u0131k:<\/strong> <br \/>Emlak y\u00f6netimi s\u00fcre\u00e7lerinin yerel yasalara ve d\u00fczenlemelere uygun oldu\u011fundan emin olma.<\/p><p>Rubys Group Gayrimenkul, m\u00fc\u015fterilerinin m\u00fclklerini en iyi \u015fekilde y\u00f6netmek ve de\u011ferlendirmek i\u00e7in uzman bir ekiple \u00e7al\u0131\u015f\u0131r. Profesyonel yakla\u015f\u0131m\u0131 ve sekt\u00f6rdeki deneyimiyle, m\u00fc\u015fterilerinin memnuniyetini ve m\u00fclklerinin de\u011ferini art\u0131rmay\u0131 ama\u00e7lar. M\u00fc\u015fteri odakl\u0131 yakla\u015f\u0131m\u0131yla, her bir m\u00fc\u015fterinin ihtiya\u00e7lar\u0131n\u0131 anlayarak en uygun \u00e7\u00f6z\u00fcmleri sunar.<\/p>\t\t\t\t\t\t\t\t<\/div>\n\t\t\t\t<\/div>\n\t\t\t\t\t<\/div>\n\t\t\t\t<\/div>\n\t\t\t\t<\/div>\n\t\t","protected":false},"excerpt":{"rendered":"<p>Rubys Group Gayrimenkul, emlak y\u00f6netimi konusunda uzmanla\u015fm\u0131\u015f bir firmad\u0131r ve m\u00fc\u015fterilerine kapsaml\u0131 bir hizmet yelpazesi sunar. Bu hizmetler aras\u0131nda \u015funlar bulunur: (1) Kirac\u0131 \u0130li\u015fkileri Y\u00f6netimi: Kirac\u0131larla ileti\u015fim kurma, kira tahsilat\u0131 ve kirac\u0131 taleplerini ele alma gibi s\u00fcre\u00e7leri y\u00f6netme. (2) M\u00fclk Bak\u0131m\u0131 ve \u0130yile\u015ftirme: M\u00fclklerin d\u00fczenli bak\u0131m\u0131n\u0131 sa\u011flama ve gerekli iyile\u015ftirmeleri yapma. (3) Kira S\u00f6zle\u015fmeleri Y\u00f6netimi: [&hellip;]<\/p>\n","protected":false},"author":1,"featured_media":0,"parent":0,"menu_order":0,"comment_status":"closed","ping_status":"closed","template":"elementor_header_footer","meta":{"_monsterinsights_skip_tracking":false,"_monsterinsights_sitenote_active":false,"_monsterinsights_sitenote_note":"","_monsterinsights_sitenote_category":0,"_joinchat":[],"footnotes":""},"class_list":["post-25236","page","type-page","status-publish","hentry"],"aioseo_notices":[],"_links":{"self":[{"href":"https:\/\/rubysgroup.com\/index.php\/wp-json\/wp\/v2\/pages\/25236","targetHints":{"allow":["GET"]}}],"collection":[{"href":"https:\/\/rubysgroup.com\/index.php\/wp-json\/wp\/v2\/pages"}],"about":[{"href":"https:\/\/rubysgroup.com\/index.php\/wp-json\/wp\/v2\/types\/page"}],"author":[{"embeddable":true,"href":"https:\/\/rubysgroup.com\/index.php\/wp-json\/wp\/v2\/users\/1"}],"replies":[{"embeddable":true,"href":"https:\/\/rubysgroup.com\/index.php\/wp-json\/wp\/v2\/comments?post=25236"}],"version-history":[{"count":4,"href":"https:\/\/rubysgroup.com\/index.php\/wp-json\/wp\/v2\/pages\/25236\/revisions"}],"predecessor-version":[{"id":25240,"href":"https:\/\/rubysgroup.com\/index.php\/wp-json\/wp\/v2\/pages\/25236\/revisions\/25240"}],"wp:attachment":[{"href":"https:\/\/rubysgroup.com\/index.php\/wp-json\/wp\/v2\/media?parent=25236"}],"curies":[{"name":"wp","href":"https:\/\/api.w.org\/{rel}","templated":true}]}}