{"id":25231,"date":"2024-03-17T04:05:46","date_gmt":"2024-03-17T01:05:46","guid":{"rendered":"https:\/\/rubysgroup.com\/?page_id=25231"},"modified":"2024-03-17T04:07:21","modified_gmt":"2024-03-17T01:07:21","slug":"yatirim-danismanligi","status":"publish","type":"page","link":"https:\/\/rubysgroup.com\/index.php\/yatirim-danismanligi\/","title":{"rendered":"Yat\u0131r\u0131m Dan\u0131\u015fmanl\u0131\u011f\u0131"},"content":{"rendered":"\t\t<div data-elementor-type=\"wp-page\" data-elementor-id=\"25231\" class=\"elementor elementor-25231\" data-elementor-post-type=\"page\">\n\t\t\t\t<div class=\"elementor-element elementor-element-912bbde e-flex e-con-boxed e-con e-parent\" data-id=\"912bbde\" data-element_type=\"container\" data-e-type=\"container\">\n\t\t\t\t\t<div class=\"e-con-inner\">\n\t\t\t\t<div class=\"elementor-element elementor-element-30a3a61 elementor-widget elementor-widget-text-editor\" data-id=\"30a3a61\" data-element_type=\"widget\" data-e-type=\"widget\" data-widget_type=\"text-editor.default\">\n\t\t\t\t<div class=\"elementor-widget-container\">\n\t\t\t\t\t\t\t\t\t<p>Yat\u0131r\u0131m dan\u0131\u015fmanl\u0131\u011f\u0131, bireylerin veya kurumlar\u0131n finansal hedeflerine ula\u015fmalar\u0131na yard\u0131mc\u0131 olmak i\u00e7in yat\u0131r\u0131m stratejileri geli\u015ftirmelerine ve uygulamalar\u0131na yard\u0131mc\u0131 olan uzman bir hizmettir. Gayrimenkul yat\u0131r\u0131m\u0131, portf\u00f6y y\u00f6netimi, emtia ve menkul k\u0131ymetler gibi \u00e7e\u015fitli yat\u0131r\u0131m ara\u00e7lar\u0131nda uzmanla\u015fm\u0131\u015f dan\u0131\u015fmanlar, m\u00fc\u015fterilerine karar alma s\u00fcre\u00e7lerinde rehberlik ederler. Yat\u0131r\u0131m dan\u0131\u015fmanl\u0131\u011f\u0131, m\u00fc\u015fterilerin risk tolerans\u0131, finansal hedefleri ve piyasa ko\u015fullar\u0131 gibi fakt\u00f6rleri dikkate alarak ki\u015fiselle\u015ftirilmi\u015f yat\u0131r\u0131m stratejileri sunar.<\/p><p>Rubys Group Gayrimenkul, m\u00fc\u015fterilerine gayrimenkul yat\u0131r\u0131m\u0131 konusunda uzman dan\u0131\u015fmanl\u0131k hizmetleri sunar. Bu hizmetler aras\u0131nda \u015funlar bulunur:<\/p><p><strong>(1) Yat\u0131r\u0131m Stratejileri Geli\u015ftirme:<\/strong> <br \/>M\u00fc\u015fterilerin finansal hedeflerine uygun gayrimenkul yat\u0131r\u0131m stratejileri geli\u015ftirme ve uygulama.<\/p><p><strong>(2) Piyasa Ara\u015ft\u0131rmas\u0131 ve Analizi:<\/strong> <br \/>Gayrimenkul piyasas\u0131ndaki trendleri ve f\u0131rsatlar\u0131 analiz ederek m\u00fc\u015fterilere bilgi sa\u011flama.<\/p><p><strong>(3) Risk Y\u00f6netimi:<br \/><\/strong> M\u00fc\u015fterilerin risk tolerans\u0131 ve yat\u0131r\u0131m hedeflerine uygun risk y\u00f6netimi stratejileri geli\u015ftirme.<\/p><p><strong>(4) Portf\u00f6y Diversifikasyonu:<br \/><\/strong> M\u00fc\u015fterilerin portf\u00f6ylerini \u00e7e\u015fitlendirerek riski azaltmalar\u0131na yard\u0131mc\u0131 olma.<\/p><p><strong>(5) Karar Alma S\u00fcre\u00e7lerinde Rehberlik:<br \/><\/strong> M\u00fc\u015fterilere yat\u0131r\u0131m kararlar\u0131nda rehberlik ederek bilin\u00e7li ve bilgiye dayal\u0131 kararlar vermelerine yard\u0131mc\u0131 olma.<\/p><p>Rubys Group Gayrimenkul, m\u00fc\u015fterilerinin ihtiya\u00e7lar\u0131na uygun ki\u015fiselle\u015ftirilmi\u015f yat\u0131r\u0131m stratejileri sunarak onlar\u0131n finansal hedeflerine ula\u015fmalar\u0131na yard\u0131mc\u0131 olur. Profesyonel ekibi, sekt\u00f6rdeki g\u00fcncel bilgi ve deneyimleriyle m\u00fc\u015fterilerinin ba\u015far\u0131l\u0131 olmalar\u0131n\u0131 sa\u011flamak i\u00e7in \u00e7al\u0131\u015f\u0131r. M\u00fc\u015fteri memnuniyetini \u00f6n planda tutarak, uzun vadeli i\u015f ili\u015fkileri kurmay\u0131 ve m\u00fc\u015fterilerinin g\u00fcvenini kazanmay\u0131 ama\u00e7lar.<\/p>\t\t\t\t\t\t\t\t<\/div>\n\t\t\t\t<\/div>\n\t\t\t\t\t<\/div>\n\t\t\t\t<\/div>\n\t\t\t\t<\/div>\n\t\t","protected":false},"excerpt":{"rendered":"<p>Yat\u0131r\u0131m dan\u0131\u015fmanl\u0131\u011f\u0131, bireylerin veya kurumlar\u0131n finansal hedeflerine ula\u015fmalar\u0131na yard\u0131mc\u0131 olmak i\u00e7in yat\u0131r\u0131m stratejileri geli\u015ftirmelerine ve uygulamalar\u0131na yard\u0131mc\u0131 olan uzman bir hizmettir. Gayrimenkul yat\u0131r\u0131m\u0131, portf\u00f6y y\u00f6netimi, emtia ve menkul k\u0131ymetler gibi \u00e7e\u015fitli yat\u0131r\u0131m ara\u00e7lar\u0131nda uzmanla\u015fm\u0131\u015f dan\u0131\u015fmanlar, m\u00fc\u015fterilerine karar alma s\u00fcre\u00e7lerinde rehberlik ederler. Yat\u0131r\u0131m dan\u0131\u015fmanl\u0131\u011f\u0131, m\u00fc\u015fterilerin risk tolerans\u0131, finansal hedefleri ve piyasa ko\u015fullar\u0131 gibi fakt\u00f6rleri dikkate alarak [&hellip;]<\/p>\n","protected":false},"author":1,"featured_media":0,"parent":0,"menu_order":0,"comment_status":"closed","ping_status":"closed","template":"elementor_header_footer","meta":{"_monsterinsights_skip_tracking":false,"_monsterinsights_sitenote_active":false,"_monsterinsights_sitenote_note":"","_monsterinsights_sitenote_category":0,"_joinchat":[],"footnotes":""},"class_list":["post-25231","page","type-page","status-publish","hentry"],"aioseo_notices":[],"_links":{"self":[{"href":"https:\/\/rubysgroup.com\/index.php\/wp-json\/wp\/v2\/pages\/25231","targetHints":{"allow":["GET"]}}],"collection":[{"href":"https:\/\/rubysgroup.com\/index.php\/wp-json\/wp\/v2\/pages"}],"about":[{"href":"https:\/\/rubysgroup.com\/index.php\/wp-json\/wp\/v2\/types\/page"}],"author":[{"embeddable":true,"href":"https:\/\/rubysgroup.com\/index.php\/wp-json\/wp\/v2\/users\/1"}],"replies":[{"embeddable":true,"href":"https:\/\/rubysgroup.com\/index.php\/wp-json\/wp\/v2\/comments?post=25231"}],"version-history":[{"count":4,"href":"https:\/\/rubysgroup.com\/index.php\/wp-json\/wp\/v2\/pages\/25231\/revisions"}],"predecessor-version":[{"id":25235,"href":"https:\/\/rubysgroup.com\/index.php\/wp-json\/wp\/v2\/pages\/25231\/revisions\/25235"}],"wp:attachment":[{"href":"https:\/\/rubysgroup.com\/index.php\/wp-json\/wp\/v2\/media?parent=25231"}],"curies":[{"name":"wp","href":"https:\/\/api.w.org\/{rel}","templated":true}]}}