{"id":25216,"date":"2024-03-17T03:59:25","date_gmt":"2024-03-17T00:59:25","guid":{"rendered":"https:\/\/rubysgroup.com\/?page_id=25216"},"modified":"2024-03-17T04:00:18","modified_gmt":"2024-03-17T01:00:18","slug":"degerleme-hizmetleri","status":"publish","type":"page","link":"https:\/\/rubysgroup.com\/index.php\/degerleme-hizmetleri\/","title":{"rendered":"De\u011ferleme Hizmetleri"},"content":{"rendered":"\t\t<div data-elementor-type=\"wp-page\" data-elementor-id=\"25216\" class=\"elementor elementor-25216\" data-elementor-post-type=\"page\">\n\t\t\t\t<div class=\"elementor-element elementor-element-0f4a5e1 e-flex e-con-boxed e-con e-parent\" data-id=\"0f4a5e1\" data-element_type=\"container\" data-e-type=\"container\">\n\t\t\t\t\t<div class=\"e-con-inner\">\n\t\t\t\t<div class=\"elementor-element elementor-element-b2fe276 elementor-widget elementor-widget-text-editor\" data-id=\"b2fe276\" data-element_type=\"widget\" data-e-type=\"widget\" data-widget_type=\"text-editor.default\">\n\t\t\t\t<div class=\"elementor-widget-container\">\n\t\t\t\t\t\t\t\t\t<p>Gayrimenkul de\u011ferleme hizmetleri, bir m\u00fclk\u00fcn piyasa de\u011ferini belirlemek i\u00e7in yap\u0131lan uzmanl\u0131k gerektiren bir s\u00fcre\u00e7tir. Bu hizmet, genellikle m\u00fclk sat\u0131n alma, satma, kiralama, ipotek temin etme veya vergi beyan\u0131 gibi \u00e7e\u015fitli ama\u00e7larla kullan\u0131l\u0131r. Gayrimenkul de\u011ferleme s\u00fcreci, uzmanlar taraf\u0131ndan yap\u0131lan detayl\u0131 analizler ve de\u011ferlendirmeleri i\u00e7erir ve m\u00fclk\u00fcn fiziksel, ekonomik ve \u00e7evresel \u00f6zelliklerini dikkate al\u0131r.<\/p><p>Rubys Group Gayrimenkul, de\u011ferleme hizmetlerinde de uzmanla\u015fm\u0131\u015f bir firmad\u0131r. M\u00fc\u015fterilerine, m\u00fclklerinin ger\u00e7ek piyasa de\u011ferini belirlemek i\u00e7in kapsaml\u0131 bir de\u011ferleme s\u00fcreci sunar. Bu s\u00fcre\u00e7, m\u00fclk\u00fcn fiziksel durumu, konumu, \u00e7evresel fakt\u00f6rler, pazar ko\u015fullar\u0131 ve benzeri bir\u00e7ok fakt\u00f6r\u00fc i\u00e7eren detayl\u0131 bir analizi kapsar.<\/p><p>De\u011ferleme hizmetlerimiz, m\u00fclk sahiplerine veya al\u0131c\u0131lar\u0131na do\u011fru kararlar vermeleri konusunda yard\u0131mc\u0131 olur. M\u00fclk sahipleri, m\u00fclklerinin ger\u00e7ek piyasa de\u011ferini belirleyerek do\u011fru fiyatland\u0131rma stratejileri olu\u015fturabilirken, al\u0131c\u0131lar m\u00fclk i\u00e7in adil bir de\u011fer \u00f6deme konusunda g\u00fcvence alt\u0131na al\u0131n\u0131r.<\/p><p>Rubys Group Gayrimenkul, profesyonel ekibi ve geni\u015f deneyimiyle m\u00fc\u015fterilerine g\u00fcvenilir ve \u015feffaf bir de\u011ferleme hizmeti sunar. \u0130\u015f ahlak\u0131 ve d\u00fcr\u00fcstl\u00fck ilkelerine ba\u011fl\u0131 kalarak, m\u00fc\u015fterilerinin g\u00fcvenini kazan\u0131r ve uzun vadeli ili\u015fkiler kurmay\u0131 ama\u00e7lar.<\/p>\t\t\t\t\t\t\t\t<\/div>\n\t\t\t\t<\/div>\n\t\t\t\t\t<\/div>\n\t\t\t\t<\/div>\n\t\t\t\t<\/div>\n\t\t","protected":false},"excerpt":{"rendered":"<p>Gayrimenkul de\u011ferleme hizmetleri, bir m\u00fclk\u00fcn piyasa de\u011ferini belirlemek i\u00e7in yap\u0131lan uzmanl\u0131k gerektiren bir s\u00fcre\u00e7tir. Bu hizmet, genellikle m\u00fclk sat\u0131n alma, satma, kiralama, ipotek temin etme veya vergi beyan\u0131 gibi \u00e7e\u015fitli ama\u00e7larla kullan\u0131l\u0131r. Gayrimenkul de\u011ferleme s\u00fcreci, uzmanlar taraf\u0131ndan yap\u0131lan detayl\u0131 analizler ve de\u011ferlendirmeleri i\u00e7erir ve m\u00fclk\u00fcn fiziksel, ekonomik ve \u00e7evresel \u00f6zelliklerini dikkate al\u0131r. Rubys Group Gayrimenkul, [&hellip;]<\/p>\n","protected":false},"author":1,"featured_media":0,"parent":0,"menu_order":0,"comment_status":"closed","ping_status":"closed","template":"elementor_header_footer","meta":{"_monsterinsights_skip_tracking":false,"_monsterinsights_sitenote_active":false,"_monsterinsights_sitenote_note":"","_monsterinsights_sitenote_category":0,"_joinchat":[],"footnotes":""},"class_list":["post-25216","page","type-page","status-publish","hentry"],"aioseo_notices":[],"_links":{"self":[{"href":"https:\/\/rubysgroup.com\/index.php\/wp-json\/wp\/v2\/pages\/25216","targetHints":{"allow":["GET"]}}],"collection":[{"href":"https:\/\/rubysgroup.com\/index.php\/wp-json\/wp\/v2\/pages"}],"about":[{"href":"https:\/\/rubysgroup.com\/index.php\/wp-json\/wp\/v2\/types\/page"}],"author":[{"embeddable":true,"href":"https:\/\/rubysgroup.com\/index.php\/wp-json\/wp\/v2\/users\/1"}],"replies":[{"embeddable":true,"href":"https:\/\/rubysgroup.com\/index.php\/wp-json\/wp\/v2\/comments?post=25216"}],"version-history":[{"count":4,"href":"https:\/\/rubysgroup.com\/index.php\/wp-json\/wp\/v2\/pages\/25216\/revisions"}],"predecessor-version":[{"id":25220,"href":"https:\/\/rubysgroup.com\/index.php\/wp-json\/wp\/v2\/pages\/25216\/revisions\/25220"}],"wp:attachment":[{"href":"https:\/\/rubysgroup.com\/index.php\/wp-json\/wp\/v2\/media?parent=25216"}],"curies":[{"name":"wp","href":"https:\/\/api.w.org\/{rel}","templated":true}]}}