{"id":25211,"date":"2024-03-17T03:57:09","date_gmt":"2024-03-17T00:57:09","guid":{"rendered":"https:\/\/rubysgroup.com\/?page_id=25211"},"modified":"2024-03-17T03:58:47","modified_gmt":"2024-03-17T00:58:47","slug":"kiralama-hizmetleri","status":"publish","type":"page","link":"https:\/\/rubysgroup.com\/index.php\/kiralama-hizmetleri\/","title":{"rendered":"Kiralama Hizmetleri"},"content":{"rendered":"\t\t<div data-elementor-type=\"wp-page\" data-elementor-id=\"25211\" class=\"elementor elementor-25211\" data-elementor-post-type=\"page\">\n\t\t\t\t<div class=\"elementor-element elementor-element-29c4ee3 e-flex e-con-boxed e-con e-parent\" data-id=\"29c4ee3\" data-element_type=\"container\" data-e-type=\"container\">\n\t\t\t\t\t<div class=\"e-con-inner\">\n\t\t\t\t<div class=\"elementor-element elementor-element-d993d39 elementor-widget elementor-widget-text-editor\" data-id=\"d993d39\" data-element_type=\"widget\" data-e-type=\"widget\" data-widget_type=\"text-editor.default\">\n\t\t\t\t<div class=\"elementor-widget-container\">\n\t\t\t\t\t\t\t\t\t<p>Gayrimenkul kiralama hizmetleri, bireylerin veya kurumlar\u0131n ge\u00e7ici olarak bir m\u00fclk\u00fc kullanma ihtiyac\u0131n\u0131 kar\u015f\u0131lamak amac\u0131yla ger\u00e7ekle\u015ftirilir. Bu hizmetler, geni\u015f bir yelpazede sunulabilir ve farkl\u0131 ihtiya\u00e7lara y\u00f6nelik \u00e7e\u015fitli se\u00e7enekler i\u00e7erebilir. \u00d6rne\u011fin, kiral\u0131k daireler, villa ve i\u015f yerleri gibi \u00e7e\u015fitli gayrimenkul t\u00fcrlerini kapsar. Ayr\u0131ca, tatil k\u00f6yleri, spor tesisleri veya etkinlik mekanlar\u0131 gibi \u00f6zel ama\u00e7l\u0131 tesislerin kiralanmas\u0131 da bu hizmetler aras\u0131nda yer al\u0131r.<\/p><p>Kiralama hizmetleri, hem m\u00fclk sahipleri hem de kirac\u0131lar i\u00e7in \u00e7e\u015fitli avantajlar sunar. M\u00fclk sahipleri, bo\u015f m\u00fclklerini kiraya vererek gelir elde ederken, kirac\u0131lar ge\u00e7ici olarak bir m\u00fclk\u00fc kullanma imkan\u0131 bulurlar ve genellikle sat\u0131n alma maliyetlerinden ka\u00e7\u0131nabilirler.<\/p><p>Rubys Group Gayrimenkul, kiralama hizmetlerinde de uzmanla\u015fm\u0131\u015f bir firmad\u0131r. M\u00fc\u015fterilerine geni\u015f bir portf\u00f6y sunar, bu portf\u00f6yde \u00f6rnek dairelerden l\u00fcks villalara, k\u00fc\u00e7\u00fck i\u015fletme mekanlar\u0131ndan b\u00fcy\u00fck ticari komplekslere kadar \u00e7e\u015fitli se\u00e7enekler bulunur. Ayr\u0131ca, tatil ama\u00e7l\u0131 veya \u00f6zel etkinlikler i\u00e7in kiralanabilen \u00f6zel tesisler de mevcuttur.<\/p><p>Rubys Group Gayrimenkul, m\u00fc\u015fterilerinin ihtiya\u00e7lar\u0131na uygun m\u00fclkleri bulma konusunda uzmanla\u015fm\u0131\u015ft\u0131r. Profesyonel ekibi, m\u00fc\u015fterilere m\u00fclk se\u00e7imi, kira s\u00f6zle\u015fmesi m\u00fczakereleri ve di\u011fer kiralama s\u00fcre\u00e7leri konusunda rehberlik eder. M\u00fc\u015fteri memnuniyetini \u00f6n planda tutarak, kiralama s\u00fcrecini kolay ve sorunsuz hale getirmeyi ama\u00e7lar.<\/p><p>\u00a0<\/p><p>\u00a0<\/p><p>\u00a0<\/p>\t\t\t\t\t\t\t\t<\/div>\n\t\t\t\t<\/div>\n\t\t\t\t\t<\/div>\n\t\t\t\t<\/div>\n\t\t\t\t<\/div>\n\t\t","protected":false},"excerpt":{"rendered":"<p>Gayrimenkul kiralama hizmetleri, bireylerin veya kurumlar\u0131n ge\u00e7ici olarak bir m\u00fclk\u00fc kullanma ihtiyac\u0131n\u0131 kar\u015f\u0131lamak amac\u0131yla ger\u00e7ekle\u015ftirilir. Bu hizmetler, geni\u015f bir yelpazede sunulabilir ve farkl\u0131 ihtiya\u00e7lara y\u00f6nelik \u00e7e\u015fitli se\u00e7enekler i\u00e7erebilir. \u00d6rne\u011fin, kiral\u0131k daireler, villa ve i\u015f yerleri gibi \u00e7e\u015fitli gayrimenkul t\u00fcrlerini kapsar. Ayr\u0131ca, tatil k\u00f6yleri, spor tesisleri veya etkinlik mekanlar\u0131 gibi \u00f6zel ama\u00e7l\u0131 tesislerin kiralanmas\u0131 da bu [&hellip;]<\/p>\n","protected":false},"author":1,"featured_media":0,"parent":0,"menu_order":0,"comment_status":"closed","ping_status":"closed","template":"elementor_header_footer","meta":{"_monsterinsights_skip_tracking":false,"_monsterinsights_sitenote_active":false,"_monsterinsights_sitenote_note":"","_monsterinsights_sitenote_category":0,"_joinchat":[],"footnotes":""},"class_list":["post-25211","page","type-page","status-publish","hentry"],"aioseo_notices":[],"_links":{"self":[{"href":"https:\/\/rubysgroup.com\/index.php\/wp-json\/wp\/v2\/pages\/25211","targetHints":{"allow":["GET"]}}],"collection":[{"href":"https:\/\/rubysgroup.com\/index.php\/wp-json\/wp\/v2\/pages"}],"about":[{"href":"https:\/\/rubysgroup.com\/index.php\/wp-json\/wp\/v2\/types\/page"}],"author":[{"embeddable":true,"href":"https:\/\/rubysgroup.com\/index.php\/wp-json\/wp\/v2\/users\/1"}],"replies":[{"embeddable":true,"href":"https:\/\/rubysgroup.com\/index.php\/wp-json\/wp\/v2\/comments?post=25211"}],"version-history":[{"count":4,"href":"https:\/\/rubysgroup.com\/index.php\/wp-json\/wp\/v2\/pages\/25211\/revisions"}],"predecessor-version":[{"id":25215,"href":"https:\/\/rubysgroup.com\/index.php\/wp-json\/wp\/v2\/pages\/25211\/revisions\/25215"}],"wp:attachment":[{"href":"https:\/\/rubysgroup.com\/index.php\/wp-json\/wp\/v2\/media?parent=25211"}],"curies":[{"name":"wp","href":"https:\/\/api.w.org\/{rel}","templated":true}]}}